{"id":1097,"date":"2021-05-10T15:45:44","date_gmt":"2021-05-10T15:45:44","guid":{"rendered":"https:\/\/www.work105.idnet.pt\/?page_id=1097"},"modified":"2022-08-23T15:54:51","modified_gmt":"2022-08-23T15:54:51","slug":"quality-management-policy","status":"publish","type":"page","link":"https:\/\/www.rpplda.pt\/en\/quality-management-policy\/","title":{"rendered":"Quality Management Policy"},"content":{"rendered":"\t\t<div data-elementor-type=\"wp-page\" data-elementor-id=\"1097\" class=\"elementor elementor-1097 elementor-718\" data-elementor-post-type=\"page\">\n\t\t\t\t\t\t<section class=\"elementor-section elementor-top-section elementor-element elementor-element-0183805 py-3 my-5 elementor-section-boxed elementor-section-height-default elementor-section-height-default\" data-id=\"0183805\" data-element_type=\"section\" data-e-type=\"section\">\r\n\t\t\r\n\t\t\t\t\t\t\t<div class=\"elementor-container elementor-column-gap-default\">\r\n\t\t\t\t\t\t\t\t\t\t\t<div class=\"elementor-column elementor-col-50 elementor-top-column elementor-element elementor-element-9cfa40a\" data-id=\"9cfa40a\" data-element_type=\"column\" data-e-type=\"column\">\r\n\t\t\t\t\t<div class=\"elementor-widget-wrap elementor-element-populated\">\r\n\t\t\t\t\t\t\t\t<div class=\"elementor-element elementor-element-fb55bac mb-1 elementor-invisible elementor-widget elementor-widget-heading\" data-id=\"fb55bac\" data-element_type=\"widget\" data-e-type=\"widget\" data-settings=\"{&quot;_animation&quot;:&quot;fadeInUp&quot;,&quot;_animation_delay&quot;:200}\" data-widget_type=\"heading.default\">\n\t\t\t\t<div class=\"elementor-widget-container\">\n\t\t\t\t\t<h2 class=\"elementor-heading-title elementor-size-default\">Quality Management Policy<\/h2>\t\t\t\t<\/div>\n\t\t\t\t<\/div>\n\t\t\t\t<div class=\"elementor-element elementor-element-8778177 elementor-widget elementor-widget-spacer\" data-id=\"8778177\" data-element_type=\"widget\" data-e-type=\"widget\" data-widget_type=\"spacer.default\">\n\t\t\t\t<div class=\"elementor-widget-container\">\n\t\t\t\t\t\t\t<div class=\"elementor-spacer\">\n\t\t\t<div class=\"elementor-spacer-inner\"><\/div>\n\t\t<\/div>\n\t\t\t\t\t\t<\/div>\n\t\t\t\t<\/div>\n\t\t\t\t<div class=\"elementor-element elementor-element-78f5a1f elementor-widget elementor-widget-text-editor\" data-id=\"78f5a1f\" data-element_type=\"widget\" data-e-type=\"widget\" data-widget_type=\"text-editor.default\">\n\t\t\t\t<div class=\"elementor-widget-container\">\n\t\t\t\t\t\t\t\t\t<p>The Management Policy adopted by RPP defines the commitments, principles and fundamental values that serve as the basis for the Management System, with the objective of its strategic and sustained development.<\/p><p>Thus, RPP&#8217;s management undertakes to guide its activities in a responsible manner, in accordance with the following:<\/p>\t\t\t\t\t\t\t\t<\/div>\n\t\t\t\t<\/div>\n\t\t\t\t\t<\/div>\r\n\t\t\t\t<\/div>\r\n\t\t\t\t<div class=\"elementor-column elementor-col-50 elementor-top-column elementor-element elementor-element-0869c02\" data-id=\"0869c02\" data-element_type=\"column\" data-e-type=\"column\">\r\n\t\t\t\t\t<div class=\"elementor-widget-wrap elementor-element-populated\">\r\n\t\t\t\t\t\t\t\t<div class=\"elementor-element elementor-element-e2b6c33 elementor-widget elementor-widget-image\" data-id=\"e2b6c33\" data-element_type=\"widget\" data-e-type=\"widget\" data-widget_type=\"image.default\">\n\t\t\t\t<div class=\"elementor-widget-container\">\n\t\t\t\t\t\t\t\t\t\t\t\t\t\t\t<img fetchpriority=\"high\" decoding=\"async\" width=\"1024\" height=\"683\" src=\"https:\/\/www.rpplda.pt\/wp-content\/uploads\/2021\/05\/qualidade-1024x683.jpg\" class=\"attachment-large size-large wp-image-2047\" alt=\"\" srcset=\"https:\/\/www.rpplda.pt\/wp-content\/uploads\/2021\/05\/qualidade-1024x683.jpg 1024w, https:\/\/www.rpplda.pt\/wp-content\/uploads\/2021\/05\/qualidade-768x512.jpg 768w, https:\/\/www.rpplda.pt\/wp-content\/uploads\/2021\/05\/qualidade-640x427.jpg 640w, https:\/\/www.rpplda.pt\/wp-content\/uploads\/2021\/05\/qualidade-400x267.jpg 400w, https:\/\/www.rpplda.pt\/wp-content\/uploads\/2021\/05\/qualidade-367x245.jpg 367w\" sizes=\"(max-width: 1024px) 100vw, 1024px\" \/>\t\t\t\t\t\t\t\t\t\t\t\t\t\t\t<\/div>\n\t\t\t\t<\/div>\n\t\t\t\t\t<\/div>\r\n\t\t\t\t<\/div>\r\n\t\t\t\t\t<\/div>\r\n\t\t\t\t<\/section>\r\n\t\t\t\t<section class=\"elementor-section elementor-top-section elementor-element elementor-element-cb1dfdc elementor-section-boxed elementor-section-height-default elementor-section-height-default\" data-id=\"cb1dfdc\" data-element_type=\"section\" data-e-type=\"section\">\r\n\t\t\r\n\t\t\t\t\t\t\t<div class=\"elementor-container elementor-column-gap-default\">\r\n\t\t\t\t\t\t\t\t\t\t\t<div class=\"elementor-column elementor-col-100 elementor-top-column elementor-element elementor-element-5018c5c\" data-id=\"5018c5c\" data-element_type=\"column\" data-e-type=\"column\">\r\n\t\t\t\t\t<div class=\"elementor-widget-wrap elementor-element-populated\">\r\n\t\t\t\t\t\t\t\t<div class=\"elementor-element elementor-element-6e2f9be elementor-widget elementor-widget-text-editor\" data-id=\"6e2f9be\" data-element_type=\"widget\" data-e-type=\"widget\" data-widget_type=\"text-editor.default\">\n\t\t\t\t<div class=\"elementor-widget-container\">\n\t\t\t\t\t\t\t\t\t<div class=\"container\"><div class=\"vc_row wpb_row vc_row-fluid\"><div class=\"wpb_column vc_column_container vc_col-sm-12\"><div class=\"vc_column-inner\"><div class=\"wpb_wrapper\"><div class=\"wpb_text_column wpb_content_element \"><div class=\"wpb_wrapper\"><h2>Customer Appreciation<\/h2><p>Promoting customer loyalty by providing competitive services and products that continually meet and exceed their requirements, needs and expectations.<\/p><p>Systematically adapt the offer to customer requirements, directing its activity towards \u201cinnovation at the service of the customer\u201d, namely in the areas of medical devices.<\/p><p>\u00a0<\/p><h2>Valuation of Resources<\/h2><p>Ensure the qualification of its employees for the performance of their duties, aiming at strengthening their skills and awareness levels.<\/p><p>Valuing and holding employees accountable, considering them key elements of the company&#8217;s success, encouraging them to participate, analyze and take critical, creative and constructive attitudes aimed at the continuous improvement of the Management System.<\/p><p>Promote employee involvement in the company&#8217;s growth objectives and strategies.<\/p><p>\u00a0<\/p><h2>Appreciation of the Management System and Continuous Improvement<\/h2><p>Ensure continuous improvement in the performance of the Management System and in its processes, products, services and internal operations.<\/p><p>Ensure compliance with the requirements of ISO 9001 and 13485, legislation, applicable regulations as well as customer requirements.<\/p><p>Ensure the development, maintenance and continuous improvement of the effectiveness of its Management System.<\/p><p>Promote and publicize the Management Policy, so that the Management System is a key tool for the company&#8217;s sustained growth, through the achievement of the established objectives and the targets defined annually.<\/p><p>\u00a0<\/p><p>May 17, 2022<\/p><\/div><\/div><\/div><\/div><\/div><\/div><\/div>\t\t\t\t\t\t\t\t<\/div>\n\t\t\t\t<\/div>\n\t\t\t\t\t<\/div>\r\n\t\t\t\t<\/div>\r\n\t\t\t\t\t<\/div>\r\n\t\t\t\t<\/section>\r\n\t\t\t\t<section class=\"elementor-section elementor-top-section elementor-element elementor-element-4488200 elementor-section-content-middle elementor-section-full_width elementor-section-height-default elementor-section-height-default\" data-id=\"4488200\" data-element_type=\"section\" data-e-type=\"section\" data-settings=\"{&quot;background_background&quot;:&quot;classic&quot;}\">\r\n\t\t\t\t\t\t<div class=\"elementor-background-overlay\"><\/div>\r\n\t\t\t\r\n\t\t\t\t\t\t\t<div class=\"elementor-container elementor-column-gap-default\">\r\n\t\t\t\t\t\t\t\t\t\t\t<div class=\"elementor-column elementor-col-50 elementor-top-column elementor-element elementor-element-acbcaf3\" data-id=\"acbcaf3\" data-element_type=\"column\" data-e-type=\"column\">\r\n\t\t\t\t\t<div class=\"elementor-widget-wrap elementor-element-populated\">\r\n\t\t\t\t\t\t\t\t<div class=\"elementor-element elementor-element-5c03716 elementor-widget elementor-widget-heading\" data-id=\"5c03716\" data-element_type=\"widget\" data-e-type=\"widget\" data-widget_type=\"heading.default\">\n\t\t\t\t<div class=\"elementor-widget-container\">\n\t\t\t\t\t<h2 class=\"elementor-heading-title elementor-size-default\">Manufacturing of Electronic Cards SMD \/ THT<\/h2>\t\t\t\t<\/div>\n\t\t\t\t<\/div>\n\t\t\t\t\t<\/div>\r\n\t\t\t\t<\/div>\r\n\t\t\t\t<div class=\"elementor-column elementor-col-50 elementor-top-column elementor-element elementor-element-70657b0\" data-id=\"70657b0\" data-element_type=\"column\" data-e-type=\"column\">\r\n\t\t\t\t\t<div class=\"elementor-widget-wrap elementor-element-populated\">\r\n\t\t\t\t\t\t\t\t<div class=\"elementor-element elementor-element-de27f5e btn-triangle text-lg-right elementor-widget elementor-widget-porto_button\" data-id=\"de27f5e\" data-element_type=\"widget\" data-e-type=\"widget\" data-widget_type=\"porto_button.default\">\n\t\t\t\t<div class=\"elementor-widget-container\">\n\t\t\t\t\t<a class=\"btn btn-lg btn-light btn-modern\" href=\"#\"><span >GET A QUOTE<\/span><\/a>\t\t\t\t<\/div>\n\t\t\t\t<\/div>\n\t\t\t\t\t<\/div>\r\n\t\t\t\t<\/div>\r\n\t\t\t\t\t<\/div>\r\n\t\t\t\t<\/section>\r\n\t\t\t\t<\/div>\n\t\t","protected":false},"excerpt":{"rendered":"<p>Quality Management Policy The Management Policy adopted by RPP defines the commitments, principles and fundamental values that serve as the basis for the Management System, with the objective of its strategic and sustained development. Thus, RPP&#8217;s management undertakes to guide its activities in a responsible manner, in accordance with the following: Customer Appreciation Promoting customer [&hellip;]<\/p>\n","protected":false},"author":1,"featured_media":0,"parent":0,"menu_order":0,"comment_status":"closed","ping_status":"closed","template":"","meta":{"footnotes":""},"class_list":["post-1097","page","type-page","status-publish","hentry"],"yoast_head":"<!-- This site is optimized with the Yoast SEO plugin v27.5 - https:\/\/yoast.com\/product\/yoast-seo-wordpress\/ -->\n<title>Quality Management Policy - RPP Lda - Fabrica\u00e7\u00e3o de placas de circuitos eletr\u00f3nicos<\/title>\n<meta name=\"robots\" content=\"index, follow, max-snippet:-1, max-image-preview:large, max-video-preview:-1\" \/>\n<link rel=\"canonical\" href=\"https:\/\/www.rpplda.pt\/politica-de-gestao-da-qualidade\/\" \/>\n<meta property=\"og:locale\" content=\"en_US\" \/>\n<meta property=\"og:type\" content=\"article\" \/>\n<meta property=\"og:title\" content=\"Quality Management Policy - RPP Lda - Fabrica\u00e7\u00e3o de placas de circuitos eletr\u00f3nicos\" \/>\n<meta property=\"og:description\" content=\"Quality Management Policy The Management Policy adopted by RPP defines the commitments, principles and fundamental values that serve as the basis for the Management System, with the objective of its strategic and sustained development. Thus, RPP&#8217;s management undertakes to guide its activities in a responsible manner, in accordance with the following: Customer Appreciation Promoting customer [&hellip;]\" \/>\n<meta property=\"og:url\" content=\"https:\/\/www.rpplda.pt\/politica-de-gestao-da-qualidade\/\" \/>\n<meta property=\"og:site_name\" content=\"RPP Lda - Fabrica\u00e7\u00e3o de placas de circuitos eletr\u00f3nicos\" \/>\n<meta property=\"article:modified_time\" content=\"2022-08-23T15:54:51+00:00\" \/>\n<meta property=\"og:image\" content=\"https:\/\/www.rpplda.pt\/wp-content\/uploads\/2021\/05\/qualidade-1024x683.jpg\" \/>\n<meta name=\"twitter:card\" content=\"summary_large_image\" \/>\n<meta name=\"twitter:label1\" content=\"Est. reading time\" \/>\n\t<meta name=\"twitter:data1\" content=\"2 minutes\" \/>\n<script type=\"application\/ld+json\" class=\"yoast-schema-graph\">{\"@context\":\"https:\\\/\\\/schema.org\",\"@graph\":[{\"@type\":\"WebPage\",\"@id\":\"https:\\\/\\\/www.rpplda.pt\\\/politica-de-gestao-da-qualidade\\\/\",\"url\":\"https:\\\/\\\/www.rpplda.pt\\\/politica-de-gestao-da-qualidade\\\/\",\"name\":\"Quality Management Policy - RPP Lda - Fabrica\u00e7\u00e3o de placas de circuitos eletr\u00f3nicos\",\"isPartOf\":{\"@id\":\"https:\\\/\\\/www.rpplda.pt\\\/#website\"},\"primaryImageOfPage\":{\"@id\":\"https:\\\/\\\/www.rpplda.pt\\\/politica-de-gestao-da-qualidade\\\/#primaryimage\"},\"image\":{\"@id\":\"https:\\\/\\\/www.rpplda.pt\\\/politica-de-gestao-da-qualidade\\\/#primaryimage\"},\"thumbnailUrl\":\"https:\\\/\\\/www.rpplda.pt\\\/wp-content\\\/uploads\\\/2021\\\/05\\\/qualidade-1024x683.jpg\",\"datePublished\":\"2021-05-10T15:45:44+00:00\",\"dateModified\":\"2022-08-23T15:54:51+00:00\",\"breadcrumb\":{\"@id\":\"https:\\\/\\\/www.rpplda.pt\\\/politica-de-gestao-da-qualidade\\\/#breadcrumb\"},\"inLanguage\":\"en-US\",\"potentialAction\":[{\"@type\":\"ReadAction\",\"target\":[\"https:\\\/\\\/www.rpplda.pt\\\/politica-de-gestao-da-qualidade\\\/\"]}]},{\"@type\":\"ImageObject\",\"inLanguage\":\"en-US\",\"@id\":\"https:\\\/\\\/www.rpplda.pt\\\/politica-de-gestao-da-qualidade\\\/#primaryimage\",\"url\":\"https:\\\/\\\/www.rpplda.pt\\\/wp-content\\\/uploads\\\/2021\\\/05\\\/qualidade-1024x683.jpg\",\"contentUrl\":\"https:\\\/\\\/www.rpplda.pt\\\/wp-content\\\/uploads\\\/2021\\\/05\\\/qualidade-1024x683.jpg\"},{\"@type\":\"BreadcrumbList\",\"@id\":\"https:\\\/\\\/www.rpplda.pt\\\/politica-de-gestao-da-qualidade\\\/#breadcrumb\",\"itemListElement\":[{\"@type\":\"ListItem\",\"position\":1,\"name\":\"In\u00edcio\",\"item\":\"https:\\\/\\\/www.rpplda.pt\\\/en\\\/\"},{\"@type\":\"ListItem\",\"position\":2,\"name\":\"Quality Management Policy\"}]},{\"@type\":\"WebSite\",\"@id\":\"https:\\\/\\\/www.rpplda.pt\\\/#website\",\"url\":\"https:\\\/\\\/www.rpplda.pt\\\/\",\"name\":\"RPP Lda - Fabrica\u00e7\u00e3o de placas de circuitos eletr\u00f3nicos\",\"description\":\"Produ\u00e7\u00e3o de placas eletr\u00f3nicas\",\"potentialAction\":[{\"@type\":\"SearchAction\",\"target\":{\"@type\":\"EntryPoint\",\"urlTemplate\":\"https:\\\/\\\/www.rpplda.pt\\\/?s={search_term_string}\"},\"query-input\":{\"@type\":\"PropertyValueSpecification\",\"valueRequired\":true,\"valueName\":\"search_term_string\"}}],\"inLanguage\":\"en-US\"}]}<\/script>\n<!-- \/ Yoast SEO plugin. -->","yoast_head_json":{"title":"Quality Management Policy - RPP Lda - Fabrica\u00e7\u00e3o de placas de circuitos eletr\u00f3nicos","robots":{"index":"index","follow":"follow","max-snippet":"max-snippet:-1","max-image-preview":"max-image-preview:large","max-video-preview":"max-video-preview:-1"},"canonical":"https:\/\/www.rpplda.pt\/politica-de-gestao-da-qualidade\/","og_locale":"en_US","og_type":"article","og_title":"Quality Management Policy - RPP Lda - Fabrica\u00e7\u00e3o de placas de circuitos eletr\u00f3nicos","og_description":"Quality Management Policy The Management Policy adopted by RPP defines the commitments, principles and fundamental values that serve as the basis for the Management System, with the objective of its strategic and sustained development. Thus, RPP&#8217;s management undertakes to guide its activities in a responsible manner, in accordance with the following: Customer Appreciation Promoting customer [&hellip;]","og_url":"https:\/\/www.rpplda.pt\/politica-de-gestao-da-qualidade\/","og_site_name":"RPP Lda - Fabrica\u00e7\u00e3o de placas de circuitos eletr\u00f3nicos","article_modified_time":"2022-08-23T15:54:51+00:00","og_image":[{"url":"https:\/\/www.rpplda.pt\/wp-content\/uploads\/2021\/05\/qualidade-1024x683.jpg","type":"","width":"","height":""}],"twitter_card":"summary_large_image","twitter_misc":{"Est. reading time":"2 minutes"},"schema":{"@context":"https:\/\/schema.org","@graph":[{"@type":"WebPage","@id":"https:\/\/www.rpplda.pt\/politica-de-gestao-da-qualidade\/","url":"https:\/\/www.rpplda.pt\/politica-de-gestao-da-qualidade\/","name":"Quality Management Policy - RPP Lda - Fabrica\u00e7\u00e3o de placas de circuitos eletr\u00f3nicos","isPartOf":{"@id":"https:\/\/www.rpplda.pt\/#website"},"primaryImageOfPage":{"@id":"https:\/\/www.rpplda.pt\/politica-de-gestao-da-qualidade\/#primaryimage"},"image":{"@id":"https:\/\/www.rpplda.pt\/politica-de-gestao-da-qualidade\/#primaryimage"},"thumbnailUrl":"https:\/\/www.rpplda.pt\/wp-content\/uploads\/2021\/05\/qualidade-1024x683.jpg","datePublished":"2021-05-10T15:45:44+00:00","dateModified":"2022-08-23T15:54:51+00:00","breadcrumb":{"@id":"https:\/\/www.rpplda.pt\/politica-de-gestao-da-qualidade\/#breadcrumb"},"inLanguage":"en-US","potentialAction":[{"@type":"ReadAction","target":["https:\/\/www.rpplda.pt\/politica-de-gestao-da-qualidade\/"]}]},{"@type":"ImageObject","inLanguage":"en-US","@id":"https:\/\/www.rpplda.pt\/politica-de-gestao-da-qualidade\/#primaryimage","url":"https:\/\/www.rpplda.pt\/wp-content\/uploads\/2021\/05\/qualidade-1024x683.jpg","contentUrl":"https:\/\/www.rpplda.pt\/wp-content\/uploads\/2021\/05\/qualidade-1024x683.jpg"},{"@type":"BreadcrumbList","@id":"https:\/\/www.rpplda.pt\/politica-de-gestao-da-qualidade\/#breadcrumb","itemListElement":[{"@type":"ListItem","position":1,"name":"In\u00edcio","item":"https:\/\/www.rpplda.pt\/en\/"},{"@type":"ListItem","position":2,"name":"Quality Management Policy"}]},{"@type":"WebSite","@id":"https:\/\/www.rpplda.pt\/#website","url":"https:\/\/www.rpplda.pt\/","name":"RPP Lda - Fabrica\u00e7\u00e3o de placas de circuitos eletr\u00f3nicos","description":"Produ\u00e7\u00e3o de placas eletr\u00f3nicas","potentialAction":[{"@type":"SearchAction","target":{"@type":"EntryPoint","urlTemplate":"https:\/\/www.rpplda.pt\/?s={search_term_string}"},"query-input":{"@type":"PropertyValueSpecification","valueRequired":true,"valueName":"search_term_string"}}],"inLanguage":"en-US"}]}},"_links":{"self":[{"href":"https:\/\/www.rpplda.pt\/en\/wp-json\/wp\/v2\/pages\/1097","targetHints":{"allow":["GET"]}}],"collection":[{"href":"https:\/\/www.rpplda.pt\/en\/wp-json\/wp\/v2\/pages"}],"about":[{"href":"https:\/\/www.rpplda.pt\/en\/wp-json\/wp\/v2\/types\/page"}],"author":[{"embeddable":true,"href":"https:\/\/www.rpplda.pt\/en\/wp-json\/wp\/v2\/users\/1"}],"replies":[{"embeddable":true,"href":"https:\/\/www.rpplda.pt\/en\/wp-json\/wp\/v2\/comments?post=1097"}],"version-history":[{"count":5,"href":"https:\/\/www.rpplda.pt\/en\/wp-json\/wp\/v2\/pages\/1097\/revisions"}],"predecessor-version":[{"id":2182,"href":"https:\/\/www.rpplda.pt\/en\/wp-json\/wp\/v2\/pages\/1097\/revisions\/2182"}],"wp:attachment":[{"href":"https:\/\/www.rpplda.pt\/en\/wp-json\/wp\/v2\/media?parent=1097"}],"curies":[{"name":"wp","href":"https:\/\/api.w.org\/{rel}","templated":true}]}}