{"id":1103,"date":"2021-05-10T15:47:50","date_gmt":"2021-05-10T15:47:50","guid":{"rendered":"https:\/\/www.work105.idnet.pt\/?page_id=1103"},"modified":"2022-08-23T15:59:40","modified_gmt":"2022-08-23T15:59:40","slug":"politica-de-gestion-de-la-calidad","status":"publish","type":"page","link":"https:\/\/www.rpplda.pt\/es\/politica-de-gestion-de-la-calidad\/","title":{"rendered":"Pol\u00edtica de Gesti\u00f3n de la Calidad"},"content":{"rendered":"\t\t<div data-elementor-type=\"wp-page\" data-elementor-id=\"1103\" class=\"elementor elementor-1103 elementor-718\" data-elementor-post-type=\"page\">\n\t\t\t\t\t\t<section class=\"elementor-section elementor-top-section elementor-element elementor-element-0183805 py-3 my-5 elementor-section-boxed elementor-section-height-default elementor-section-height-default\" data-id=\"0183805\" data-element_type=\"section\" data-e-type=\"section\">\r\n\t\t\r\n\t\t\t\t\t\t\t<div class=\"elementor-container elementor-column-gap-default\">\r\n\t\t\t\t\t\t\t\t\t\t\t<div class=\"elementor-column elementor-col-50 elementor-top-column elementor-element elementor-element-9cfa40a\" data-id=\"9cfa40a\" data-element_type=\"column\" data-e-type=\"column\">\r\n\t\t\t\t\t<div class=\"elementor-widget-wrap elementor-element-populated\">\r\n\t\t\t\t\t\t\t\t<div class=\"elementor-element elementor-element-fb55bac mb-1 elementor-invisible elementor-widget elementor-widget-heading\" data-id=\"fb55bac\" data-element_type=\"widget\" data-e-type=\"widget\" data-settings=\"{&quot;_animation&quot;:&quot;fadeInUp&quot;,&quot;_animation_delay&quot;:200}\" data-widget_type=\"heading.default\">\n\t\t\t\t<div class=\"elementor-widget-container\">\n\t\t\t\t\t<h2 class=\"elementor-heading-title elementor-size-default\">Pol\u00edtica de Gesti\u00f3n de Calidad\n<\/h2>\t\t\t\t<\/div>\n\t\t\t\t<\/div>\n\t\t\t\t<div class=\"elementor-element elementor-element-8778177 elementor-widget elementor-widget-spacer\" data-id=\"8778177\" data-element_type=\"widget\" data-e-type=\"widget\" data-widget_type=\"spacer.default\">\n\t\t\t\t<div class=\"elementor-widget-container\">\n\t\t\t\t\t\t\t<div class=\"elementor-spacer\">\n\t\t\t<div class=\"elementor-spacer-inner\"><\/div>\n\t\t<\/div>\n\t\t\t\t\t\t<\/div>\n\t\t\t\t<\/div>\n\t\t\t\t<div class=\"elementor-element elementor-element-78f5a1f elementor-widget elementor-widget-text-editor\" data-id=\"78f5a1f\" data-element_type=\"widget\" data-e-type=\"widget\" data-widget_type=\"text-editor.default\">\n\t\t\t\t<div class=\"elementor-widget-container\">\n\t\t\t\t\t\t\t\t\t<p>La Pol\u00edtica de Gesti\u00f3n adoptada por RPP define los compromisos, principios y valores fundamentales que sirven de base al Sistema de Gesti\u00f3n, con el objetivo de su desarrollo estrat\u00e9gico y sostenido.<\/p><p>As\u00ed, la administraci\u00f3n de RPP se compromete a orientar su desempe\u00f1o de manera responsable, de conformidad con lo siguiente:<\/p>\t\t\t\t\t\t\t\t<\/div>\n\t\t\t\t<\/div>\n\t\t\t\t\t<\/div>\r\n\t\t\t\t<\/div>\r\n\t\t\t\t<div class=\"elementor-column elementor-col-50 elementor-top-column elementor-element elementor-element-0869c02\" data-id=\"0869c02\" data-element_type=\"column\" data-e-type=\"column\">\r\n\t\t\t\t\t<div class=\"elementor-widget-wrap elementor-element-populated\">\r\n\t\t\t\t\t\t\t\t<div class=\"elementor-element elementor-element-e2b6c33 elementor-widget elementor-widget-image\" data-id=\"e2b6c33\" data-element_type=\"widget\" data-e-type=\"widget\" data-widget_type=\"image.default\">\n\t\t\t\t<div class=\"elementor-widget-container\">\n\t\t\t\t\t\t\t\t\t\t\t\t\t\t\t<img fetchpriority=\"high\" decoding=\"async\" width=\"1024\" height=\"683\" src=\"https:\/\/www.rpplda.pt\/wp-content\/uploads\/2021\/05\/qualidade-1024x683.jpg\" class=\"attachment-large size-large wp-image-2048\" alt=\"\" srcset=\"https:\/\/www.rpplda.pt\/wp-content\/uploads\/2021\/05\/qualidade-1024x683.jpg 1024w, https:\/\/www.rpplda.pt\/wp-content\/uploads\/2021\/05\/qualidade-768x512.jpg 768w, https:\/\/www.rpplda.pt\/wp-content\/uploads\/2021\/05\/qualidade-640x427.jpg 640w, https:\/\/www.rpplda.pt\/wp-content\/uploads\/2021\/05\/qualidade-400x267.jpg 400w, https:\/\/www.rpplda.pt\/wp-content\/uploads\/2021\/05\/qualidade-367x245.jpg 367w\" sizes=\"(max-width: 1024px) 100vw, 1024px\" \/>\t\t\t\t\t\t\t\t\t\t\t\t\t\t\t<\/div>\n\t\t\t\t<\/div>\n\t\t\t\t\t<\/div>\r\n\t\t\t\t<\/div>\r\n\t\t\t\t\t<\/div>\r\n\t\t\t\t<\/section>\r\n\t\t\t\t<section class=\"elementor-section elementor-top-section elementor-element elementor-element-cb1dfdc elementor-section-boxed elementor-section-height-default elementor-section-height-default\" data-id=\"cb1dfdc\" data-element_type=\"section\" data-e-type=\"section\">\r\n\t\t\r\n\t\t\t\t\t\t\t<div class=\"elementor-container elementor-column-gap-default\">\r\n\t\t\t\t\t\t\t\t\t\t\t<div class=\"elementor-column elementor-col-100 elementor-top-column elementor-element elementor-element-5018c5c\" data-id=\"5018c5c\" data-element_type=\"column\" data-e-type=\"column\">\r\n\t\t\t\t\t<div class=\"elementor-widget-wrap elementor-element-populated\">\r\n\t\t\t\t\t\t\t\t<div class=\"elementor-element elementor-element-6e2f9be elementor-widget elementor-widget-text-editor\" data-id=\"6e2f9be\" data-element_type=\"widget\" data-e-type=\"widget\" data-widget_type=\"text-editor.default\">\n\t\t\t\t<div class=\"elementor-widget-container\">\n\t\t\t\t\t\t\t\t\t<h2>Apreciaci\u00f3n del cliente<\/h2><p>Promover la lealtad del cliente al proporcionar servicios y productos competitivos que cumplan y superen continuamente sus requisitos, necesidades y expectativas.<\/p><p>Adaptar sistem\u00e1ticamente la oferta a las necesidades del cliente, orientando su actividad hacia la \u201cinnovaci\u00f3n al servicio del cliente\u201d, concretamente en las \u00e1reas de dispositivos m\u00e9dicos.<\/p><h2>Apreciaci\u00f3n de recursos<\/h2><p>Asegurar la calificaci\u00f3n de sus empleados para el desempe\u00f1o de sus funciones, visando fortalecer sus competencias y niveles de conciencia.<\/p><p>Valorar y responsabilizar a los empleados, consider\u00e1ndolos elementos clave del \u00e9xito de la empresa, incentiv\u00e1ndolos a participar, analizar y asumir actitudes cr\u00edticas, creativas y constructivas encaminadas a la mejora continua del Sistema de Gesti\u00f3n.<\/p><p>Promover la participaci\u00f3n de los empleados en los objetivos y estrategias de crecimiento de la empresa.<\/p><h2>Apreciaci\u00f3n del Sistema de Gesti\u00f3n y Mejora Continua<\/h2><p>Asegurar la mejora continua en el desempe\u00f1o del Sistema de Gesti\u00f3n y en sus procesos, productos, servicios y operaciones internas.<\/p><p>Asegurar el cumplimiento de los requisitos de las normas ISO 9001 y 13485, la legislaci\u00f3n, la normativa aplicable as\u00ed como los requisitos del cliente.<\/p><p>Velar por el desarrollo, mantenimiento y mejora continua de la eficacia de su Sistema de Gesti\u00f3n.<\/p><p>Impulsar y difundir la Pol\u00edtica de Gesti\u00f3n, de forma que el Sistema de Gesti\u00f3n sea una herramienta clave para el crecimiento sostenido de la empresa, a trav\u00e9s de la consecuci\u00f3n de los objetivos establecidos y las metas definidas anualmente.<\/p><p>\u00a0<\/p><p>17 de mayo de 2022<\/p>\t\t\t\t\t\t\t\t<\/div>\n\t\t\t\t<\/div>\n\t\t\t\t\t<\/div>\r\n\t\t\t\t<\/div>\r\n\t\t\t\t\t<\/div>\r\n\t\t\t\t<\/section>\r\n\t\t\t\t<section class=\"elementor-section elementor-top-section elementor-element elementor-element-4488200 elementor-section-content-middle elementor-section-full_width elementor-section-height-default elementor-section-height-default\" data-id=\"4488200\" data-element_type=\"section\" data-e-type=\"section\" data-settings=\"{&quot;background_background&quot;:&quot;classic&quot;}\">\r\n\t\t\t\t\t\t<div class=\"elementor-background-overlay\"><\/div>\r\n\t\t\t\r\n\t\t\t\t\t\t\t<div class=\"elementor-container elementor-column-gap-default\">\r\n\t\t\t\t\t\t\t\t\t\t\t<div class=\"elementor-column elementor-col-50 elementor-top-column elementor-element elementor-element-acbcaf3\" data-id=\"acbcaf3\" data-element_type=\"column\" data-e-type=\"column\">\r\n\t\t\t\t\t<div class=\"elementor-widget-wrap elementor-element-populated\">\r\n\t\t\t\t\t\t\t\t<div class=\"elementor-element elementor-element-5c03716 elementor-widget elementor-widget-heading\" data-id=\"5c03716\" data-element_type=\"widget\" data-e-type=\"widget\" data-widget_type=\"heading.default\">\n\t\t\t\t<div class=\"elementor-widget-container\">\n\t\t\t\t\t<h2 class=\"elementor-heading-title elementor-size-default\">Fabricaci\u00f3n de Tarjetas Electr\u00f3nicas SMD \/ THT<\/h2>\t\t\t\t<\/div>\n\t\t\t\t<\/div>\n\t\t\t\t\t<\/div>\r\n\t\t\t\t<\/div>\r\n\t\t\t\t<div class=\"elementor-column elementor-col-50 elementor-top-column elementor-element elementor-element-70657b0\" data-id=\"70657b0\" data-element_type=\"column\" data-e-type=\"column\">\r\n\t\t\t\t\t<div class=\"elementor-widget-wrap elementor-element-populated\">\r\n\t\t\t\t\t\t\t\t<div class=\"elementor-element elementor-element-de27f5e btn-triangle text-lg-right elementor-widget elementor-widget-porto_button\" data-id=\"de27f5e\" data-element_type=\"widget\" data-e-type=\"widget\" data-widget_type=\"porto_button.default\">\n\t\t\t\t<div class=\"elementor-widget-container\">\n\t\t\t\t\t<a class=\"btn btn-lg btn-light btn-modern\" href=\"#\"><span >Cont\u00e1ctenos<\/span><\/a>\t\t\t\t<\/div>\n\t\t\t\t<\/div>\n\t\t\t\t\t<\/div>\r\n\t\t\t\t<\/div>\r\n\t\t\t\t\t<\/div>\r\n\t\t\t\t<\/section>\r\n\t\t\t\t<\/div>\n\t\t","protected":false},"excerpt":{"rendered":"<p>Pol\u00edtica de Gesti\u00f3n de Calidad La Pol\u00edtica de Gesti\u00f3n adoptada por RPP define los compromisos, principios y valores fundamentales que sirven de base al Sistema de Gesti\u00f3n, con el objetivo de su desarrollo estrat\u00e9gico y sostenido. As\u00ed, la administraci\u00f3n de RPP se compromete a orientar su desempe\u00f1o de manera responsable, de conformidad con lo siguiente: [&hellip;]<\/p>\n","protected":false},"author":1,"featured_media":0,"parent":0,"menu_order":0,"comment_status":"closed","ping_status":"closed","template":"","meta":{"footnotes":""},"class_list":["post-1103","page","type-page","status-publish","hentry"],"yoast_head":"<!-- This site is optimized with the Yoast SEO plugin v27.4 - https:\/\/yoast.com\/product\/yoast-seo-wordpress\/ -->\n<title>Pol\u00edtica de Gesti\u00f3n de la Calidad - RPP Lda - Fabrica\u00e7\u00e3o de placas de circuitos eletr\u00f3nicos<\/title>\n<meta name=\"robots\" content=\"index, follow, max-snippet:-1, max-image-preview:large, max-video-preview:-1\" \/>\n<link rel=\"canonical\" href=\"https:\/\/www.rpplda.pt\/es\/politica-de-gestion-de-la-calidad\/\" \/>\n<meta property=\"og:locale\" content=\"es_ES\" \/>\n<meta property=\"og:type\" content=\"article\" \/>\n<meta property=\"og:title\" content=\"Pol\u00edtica de Gesti\u00f3n de la Calidad - RPP Lda - Fabrica\u00e7\u00e3o de placas de circuitos eletr\u00f3nicos\" \/>\n<meta property=\"og:description\" content=\"Pol\u00edtica de Gesti\u00f3n de Calidad La Pol\u00edtica de Gesti\u00f3n adoptada por RPP define los compromisos, principios y valores fundamentales que sirven de base al Sistema de Gesti\u00f3n, con el objetivo de su desarrollo estrat\u00e9gico y sostenido. As\u00ed, la administraci\u00f3n de RPP se compromete a orientar su desempe\u00f1o de manera responsable, de conformidad con lo siguiente: [&hellip;]\" \/>\n<meta property=\"og:url\" content=\"https:\/\/www.rpplda.pt\/es\/politica-de-gestion-de-la-calidad\/\" \/>\n<meta property=\"og:site_name\" content=\"RPP Lda - Fabrica\u00e7\u00e3o de placas de circuitos eletr\u00f3nicos\" \/>\n<meta property=\"article:modified_time\" content=\"2022-08-23T15:59:40+00:00\" \/>\n<meta property=\"og:image\" content=\"https:\/\/www.rpplda.pt\/wp-content\/uploads\/2021\/05\/qualidade-1024x683.jpg\" \/>\n<meta name=\"twitter:card\" content=\"summary_large_image\" \/>\n<meta name=\"twitter:label1\" content=\"Tiempo de lectura\" \/>\n\t<meta name=\"twitter:data1\" content=\"2 minutos\" \/>\n<script type=\"application\/ld+json\" class=\"yoast-schema-graph\">{\"@context\":\"https:\\\/\\\/schema.org\",\"@graph\":[{\"@type\":\"WebPage\",\"@id\":\"https:\\\/\\\/www.rpplda.pt\\\/es\\\/politica-de-gestion-de-la-calidad\\\/\",\"url\":\"https:\\\/\\\/www.rpplda.pt\\\/es\\\/politica-de-gestion-de-la-calidad\\\/\",\"name\":\"Pol\u00edtica de Gesti\u00f3n de la Calidad - RPP Lda - Fabrica\u00e7\u00e3o de placas de circuitos eletr\u00f3nicos\",\"isPartOf\":{\"@id\":\"https:\\\/\\\/www.rpplda.pt\\\/#website\"},\"primaryImageOfPage\":{\"@id\":\"https:\\\/\\\/www.rpplda.pt\\\/es\\\/politica-de-gestion-de-la-calidad\\\/#primaryimage\"},\"image\":{\"@id\":\"https:\\\/\\\/www.rpplda.pt\\\/es\\\/politica-de-gestion-de-la-calidad\\\/#primaryimage\"},\"thumbnailUrl\":\"https:\\\/\\\/www.rpplda.pt\\\/wp-content\\\/uploads\\\/2021\\\/05\\\/qualidade-1024x683.jpg\",\"datePublished\":\"2021-05-10T15:47:50+00:00\",\"dateModified\":\"2022-08-23T15:59:40+00:00\",\"breadcrumb\":{\"@id\":\"https:\\\/\\\/www.rpplda.pt\\\/es\\\/politica-de-gestion-de-la-calidad\\\/#breadcrumb\"},\"inLanguage\":\"es\",\"potentialAction\":[{\"@type\":\"ReadAction\",\"target\":[\"https:\\\/\\\/www.rpplda.pt\\\/es\\\/politica-de-gestion-de-la-calidad\\\/\"]}]},{\"@type\":\"ImageObject\",\"inLanguage\":\"es\",\"@id\":\"https:\\\/\\\/www.rpplda.pt\\\/es\\\/politica-de-gestion-de-la-calidad\\\/#primaryimage\",\"url\":\"https:\\\/\\\/www.rpplda.pt\\\/wp-content\\\/uploads\\\/2021\\\/05\\\/qualidade-1024x683.jpg\",\"contentUrl\":\"https:\\\/\\\/www.rpplda.pt\\\/wp-content\\\/uploads\\\/2021\\\/05\\\/qualidade-1024x683.jpg\"},{\"@type\":\"BreadcrumbList\",\"@id\":\"https:\\\/\\\/www.rpplda.pt\\\/es\\\/politica-de-gestion-de-la-calidad\\\/#breadcrumb\",\"itemListElement\":[{\"@type\":\"ListItem\",\"position\":1,\"name\":\"In\u00edcio\",\"item\":\"https:\\\/\\\/www.rpplda.pt\\\/en\\\/\"},{\"@type\":\"ListItem\",\"position\":2,\"name\":\"Pol\u00edtica de Gesti\u00f3n de la Calidad\"}]},{\"@type\":\"WebSite\",\"@id\":\"https:\\\/\\\/www.rpplda.pt\\\/#website\",\"url\":\"https:\\\/\\\/www.rpplda.pt\\\/\",\"name\":\"RPP Lda - Fabrica\u00e7\u00e3o de placas de circuitos eletr\u00f3nicos\",\"description\":\"Produ\u00e7\u00e3o de placas eletr\u00f3nicas\",\"potentialAction\":[{\"@type\":\"SearchAction\",\"target\":{\"@type\":\"EntryPoint\",\"urlTemplate\":\"https:\\\/\\\/www.rpplda.pt\\\/?s={search_term_string}\"},\"query-input\":{\"@type\":\"PropertyValueSpecification\",\"valueRequired\":true,\"valueName\":\"search_term_string\"}}],\"inLanguage\":\"es\"}]}<\/script>\n<!-- \/ Yoast SEO plugin. -->","yoast_head_json":{"title":"Pol\u00edtica de Gesti\u00f3n de la Calidad - RPP Lda - Fabrica\u00e7\u00e3o de placas de circuitos eletr\u00f3nicos","robots":{"index":"index","follow":"follow","max-snippet":"max-snippet:-1","max-image-preview":"max-image-preview:large","max-video-preview":"max-video-preview:-1"},"canonical":"https:\/\/www.rpplda.pt\/es\/politica-de-gestion-de-la-calidad\/","og_locale":"es_ES","og_type":"article","og_title":"Pol\u00edtica de Gesti\u00f3n de la Calidad - RPP Lda - Fabrica\u00e7\u00e3o de placas de circuitos eletr\u00f3nicos","og_description":"Pol\u00edtica de Gesti\u00f3n de Calidad La Pol\u00edtica de Gesti\u00f3n adoptada por RPP define los compromisos, principios y valores fundamentales que sirven de base al Sistema de Gesti\u00f3n, con el objetivo de su desarrollo estrat\u00e9gico y sostenido. As\u00ed, la administraci\u00f3n de RPP se compromete a orientar su desempe\u00f1o de manera responsable, de conformidad con lo siguiente: [&hellip;]","og_url":"https:\/\/www.rpplda.pt\/es\/politica-de-gestion-de-la-calidad\/","og_site_name":"RPP Lda - Fabrica\u00e7\u00e3o de placas de circuitos eletr\u00f3nicos","article_modified_time":"2022-08-23T15:59:40+00:00","og_image":[{"url":"https:\/\/www.rpplda.pt\/wp-content\/uploads\/2021\/05\/qualidade-1024x683.jpg","type":"","width":"","height":""}],"twitter_card":"summary_large_image","twitter_misc":{"Tiempo de lectura":"2 minutos"},"schema":{"@context":"https:\/\/schema.org","@graph":[{"@type":"WebPage","@id":"https:\/\/www.rpplda.pt\/es\/politica-de-gestion-de-la-calidad\/","url":"https:\/\/www.rpplda.pt\/es\/politica-de-gestion-de-la-calidad\/","name":"Pol\u00edtica de Gesti\u00f3n de la Calidad - RPP Lda - Fabrica\u00e7\u00e3o de placas de circuitos eletr\u00f3nicos","isPartOf":{"@id":"https:\/\/www.rpplda.pt\/#website"},"primaryImageOfPage":{"@id":"https:\/\/www.rpplda.pt\/es\/politica-de-gestion-de-la-calidad\/#primaryimage"},"image":{"@id":"https:\/\/www.rpplda.pt\/es\/politica-de-gestion-de-la-calidad\/#primaryimage"},"thumbnailUrl":"https:\/\/www.rpplda.pt\/wp-content\/uploads\/2021\/05\/qualidade-1024x683.jpg","datePublished":"2021-05-10T15:47:50+00:00","dateModified":"2022-08-23T15:59:40+00:00","breadcrumb":{"@id":"https:\/\/www.rpplda.pt\/es\/politica-de-gestion-de-la-calidad\/#breadcrumb"},"inLanguage":"es","potentialAction":[{"@type":"ReadAction","target":["https:\/\/www.rpplda.pt\/es\/politica-de-gestion-de-la-calidad\/"]}]},{"@type":"ImageObject","inLanguage":"es","@id":"https:\/\/www.rpplda.pt\/es\/politica-de-gestion-de-la-calidad\/#primaryimage","url":"https:\/\/www.rpplda.pt\/wp-content\/uploads\/2021\/05\/qualidade-1024x683.jpg","contentUrl":"https:\/\/www.rpplda.pt\/wp-content\/uploads\/2021\/05\/qualidade-1024x683.jpg"},{"@type":"BreadcrumbList","@id":"https:\/\/www.rpplda.pt\/es\/politica-de-gestion-de-la-calidad\/#breadcrumb","itemListElement":[{"@type":"ListItem","position":1,"name":"In\u00edcio","item":"https:\/\/www.rpplda.pt\/en\/"},{"@type":"ListItem","position":2,"name":"Pol\u00edtica de Gesti\u00f3n de la Calidad"}]},{"@type":"WebSite","@id":"https:\/\/www.rpplda.pt\/#website","url":"https:\/\/www.rpplda.pt\/","name":"RPP Lda - Fabrica\u00e7\u00e3o de placas de circuitos eletr\u00f3nicos","description":"Produ\u00e7\u00e3o de placas eletr\u00f3nicas","potentialAction":[{"@type":"SearchAction","target":{"@type":"EntryPoint","urlTemplate":"https:\/\/www.rpplda.pt\/?s={search_term_string}"},"query-input":{"@type":"PropertyValueSpecification","valueRequired":true,"valueName":"search_term_string"}}],"inLanguage":"es"}]}},"_links":{"self":[{"href":"https:\/\/www.rpplda.pt\/es\/wp-json\/wp\/v2\/pages\/1103","targetHints":{"allow":["GET"]}}],"collection":[{"href":"https:\/\/www.rpplda.pt\/es\/wp-json\/wp\/v2\/pages"}],"about":[{"href":"https:\/\/www.rpplda.pt\/es\/wp-json\/wp\/v2\/types\/page"}],"author":[{"embeddable":true,"href":"https:\/\/www.rpplda.pt\/es\/wp-json\/wp\/v2\/users\/1"}],"replies":[{"embeddable":true,"href":"https:\/\/www.rpplda.pt\/es\/wp-json\/wp\/v2\/comments?post=1103"}],"version-history":[{"count":5,"href":"https:\/\/www.rpplda.pt\/es\/wp-json\/wp\/v2\/pages\/1103\/revisions"}],"predecessor-version":[{"id":2186,"href":"https:\/\/www.rpplda.pt\/es\/wp-json\/wp\/v2\/pages\/1103\/revisions\/2186"}],"wp:attachment":[{"href":"https:\/\/www.rpplda.pt\/es\/wp-json\/wp\/v2\/media?parent=1103"}],"curies":[{"name":"wp","href":"https:\/\/api.w.org\/{rel}","templated":true}]}}