{"id":1228,"date":"2021-05-12T10:27:36","date_gmt":"2021-05-12T10:27:36","guid":{"rendered":"https:\/\/www.work105.idnet.pt\/?page_id=1228"},"modified":"2021-05-13T11:05:50","modified_gmt":"2021-05-13T11:05:50","slug":"servicios","status":"publish","type":"page","link":"https:\/\/www.rpplda.pt\/es\/servicios\/","title":{"rendered":"Servicios"},"content":{"rendered":"\t\t<div data-elementor-type=\"wp-page\" data-elementor-id=\"1228\" class=\"elementor elementor-1228 elementor-190\" data-elementor-post-type=\"page\">\n\t\t\t\t\t\t<section class=\"elementor-section elementor-top-section elementor-element elementor-element-5b319e9 z-index-2 pt-4 elementor-section-boxed elementor-section-height-default elementor-section-height-default\" data-id=\"5b319e9\" data-element_type=\"section\" data-e-type=\"section\" data-settings=\"{&quot;background_background&quot;:&quot;classic&quot;}\">\r\n\t\t\r\n\t\t\t\t\t\t\t<div class=\"elementor-container elementor-column-gap-no\">\r\n\t\t\t\t\t\t\t\t\t\t\t<div class=\"elementor-column elementor-col-100 elementor-top-column elementor-element elementor-element-1a1e35f position-static pt-3 mt-5 w-100\" data-id=\"1a1e35f\" data-element_type=\"column\" data-e-type=\"column\">\r\n\t\t\t\t\t<div class=\"elementor-widget-wrap elementor-element-populated\">\r\n\t\t\t\t\t\t\t\t<div class=\"elementor-element elementor-element-4ab1971 mb-3 elementor-invisible elementor-widget elementor-widget-heading\" data-id=\"4ab1971\" data-element_type=\"widget\" data-e-type=\"widget\" data-settings=\"{&quot;_animation&quot;:&quot;fadeInUp&quot;,&quot;_animation_delay&quot;:400}\" data-widget_type=\"heading.default\">\n\t\t\t\t<div class=\"elementor-widget-container\">\n\t\t\t\t\t<h3 class=\"elementor-heading-title elementor-size-default\">Profesionales de la fabricaci\u00f3n de productos electr\u00f3nicos<\/h3>\t\t\t\t<\/div>\n\t\t\t\t<\/div>\n\t\t\t\t<div class=\"elementor-element elementor-element-b03c804 mb-4 pb-2 custom-font1 px-0 col-lg-9 col-xl-8 mx-auto elementor-invisible elementor-widget elementor-widget-heading\" data-id=\"b03c804\" data-element_type=\"widget\" data-e-type=\"widget\" data-settings=\"{&quot;_animation&quot;:&quot;fadeInUp&quot;,&quot;_animation_delay&quot;:600}\" data-widget_type=\"heading.default\">\n\t\t\t\t<div class=\"elementor-widget-container\">\n\t\t\t\t\t<p class=\"elementor-heading-title elementor-size-default\">De la idea a la producci\u00f3n<\/p>\t\t\t\t<\/div>\n\t\t\t\t<\/div>\n\t\t\t\t\t<\/div>\r\n\t\t\t\t<\/div>\r\n\t\t\t\t\t<\/div>\r\n\t\t\t\t<\/section>\r\n\t\t\t\t<section class=\"elementor-section elementor-top-section elementor-element elementor-element-a88f7b7 py-3 my-5 elementor-section-boxed elementor-section-height-default elementor-section-height-default\" data-id=\"a88f7b7\" data-element_type=\"section\" data-e-type=\"section\">\r\n\t\t\r\n\t\t\t\t\t\t\t<div class=\"elementor-container elementor-column-gap-no\">\r\n\t\t\t\t\t\t\t\t\t\t\t<div class=\"elementor-column elementor-col-100 elementor-top-column elementor-element elementor-element-e24bd38\" data-id=\"e24bd38\" data-element_type=\"column\" data-e-type=\"column\" data-settings=\"{&quot;background_background&quot;:&quot;classic&quot;}\">\r\n\t\t\t\t\t<div class=\"elementor-widget-wrap elementor-element-populated\">\r\n\t\t\t\t\t\t\t\t<div class=\"elementor-element elementor-element-8ca93fc elementor-widget elementor-widget-heading\" data-id=\"8ca93fc\" data-element_type=\"widget\" data-e-type=\"widget\" data-widget_type=\"heading.default\">\n\t\t\t\t<div class=\"elementor-widget-container\">\n\t\t\t\t\t<h1 class=\"elementor-heading-title elementor-size-default\">SERVICIOS<\/h1>\t\t\t\t<\/div>\n\t\t\t\t<\/div>\n\t\t\t\t<div class=\"elementor-element elementor-element-91a4178 elementor-widget-divider--view-line elementor-widget elementor-widget-divider\" data-id=\"91a4178\" data-element_type=\"widget\" data-e-type=\"widget\" data-widget_type=\"divider.default\">\n\t\t\t\t<div class=\"elementor-widget-container\">\n\t\t\t\t\t\t\t<div class=\"elementor-divider\">\n\t\t\t<span class=\"elementor-divider-separator\">\n\t\t\t\t\t\t<\/span>\n\t\t<\/div>\n\t\t\t\t\t\t<\/div>\n\t\t\t\t<\/div>\n\t\t\t\t<div class=\"elementor-element elementor-element-df33359 elementor-widget elementor-widget-text-editor\" data-id=\"df33359\" data-element_type=\"widget\" data-e-type=\"widget\" data-widget_type=\"text-editor.default\">\n\t\t\t\t<div class=\"elementor-widget-container\">\n\t\t\t\t\t\t\t\t\t<p>RPP LDA tiene sus propios equipos, l\u00edneas de producci\u00f3n y recursos para satisfacer las necesidades del cliente.<\/p><p>Fabricamos tableros electr\u00f3nicos y ensamblajes para innumerables sectores, desde salud, ocio, telecomunicaciones, dise\u00f1o industrial, entre otros.<\/p><p>En colaboraci\u00f3n con el cliente desde el dise\u00f1o hasta la producci\u00f3n.<\/p>\t\t\t\t\t\t\t\t<\/div>\n\t\t\t\t<\/div>\n\t\t\t\t<div class=\"elementor-element elementor-element-ca2f57e elementor-widget elementor-widget-button\" data-id=\"ca2f57e\" data-element_type=\"widget\" data-e-type=\"widget\" data-widget_type=\"button.default\">\n\t\t\t\t<div class=\"elementor-widget-container\">\n\t\t\t\t\t\t\t\t\t<div class=\"elementor-button-wrapper\">\n\t\t\t\t\t<a class=\"elementor-button elementor-button-link elementor-size-md\" href=\"https:\/\/www.rpplda.pt\/es\/contactos\/\">\n\t\t\t\t\t\t<span class=\"elementor-button-content-wrapper\">\n\t\t\t\t\t\t\t\t\t<span class=\"elementor-button-text\">CONT\u00c1CTENOS<\/span>\n\t\t\t\t\t<\/span>\n\t\t\t\t\t<\/a>\n\t\t\t\t<\/div>\n\t\t\t\t\t\t\t\t<\/div>\n\t\t\t\t<\/div>\n\t\t\t\t\t<\/div>\r\n\t\t\t\t<\/div>\r\n\t\t\t\t\t<\/div>\r\n\t\t\t\t<\/section>\r\n\t\t\t\t<section class=\"elementor-section elementor-top-section elementor-element elementor-element-861eed8 py-3 my-5 elementor-section-boxed elementor-section-height-default elementor-section-height-default\" data-id=\"861eed8\" data-element_type=\"section\" data-e-type=\"section\">\r\n\t\t\r\n\t\t\t\t\t\t\t<div class=\"elementor-container elementor-column-gap-no\">\r\n\t\t\t\t\t\t\t\t\t\t\t<div class=\"elementor-column elementor-col-33 elementor-top-column elementor-element elementor-element-5c6cceb\" data-id=\"5c6cceb\" data-element_type=\"column\" data-e-type=\"column\" data-settings=\"{&quot;background_background&quot;:&quot;classic&quot;}\">\r\n\t\t\t\t\t<div class=\"elementor-widget-wrap elementor-element-populated\">\r\n\t\t\t\t\t\t\t\t<div class=\"elementor-element elementor-element-1982d5a elementor-widget elementor-widget-image\" data-id=\"1982d5a\" data-element_type=\"widget\" data-e-type=\"widget\" data-widget_type=\"image.default\">\n\t\t\t\t<div class=\"elementor-widget-container\">\n\t\t\t\t\t\t\t\t\t\t\t\t\t\t\t<img fetchpriority=\"high\" decoding=\"async\" width=\"640\" height=\"427\" src=\"https:\/\/www.rpplda.pt\/wp-content\/uploads\/2021\/05\/servicos_cartas.jpg\" class=\"attachment-large size-large wp-image-2010\" alt=\"\" srcset=\"https:\/\/www.rpplda.pt\/wp-content\/uploads\/2021\/05\/servicos_cartas.jpg 640w, https:\/\/www.rpplda.pt\/wp-content\/uploads\/2021\/05\/servicos_cartas-400x267.jpg 400w, https:\/\/www.rpplda.pt\/wp-content\/uploads\/2021\/05\/servicos_cartas-367x245.jpg 367w\" sizes=\"(max-width: 640px) 100vw, 640px\" \/>\t\t\t\t\t\t\t\t\t\t\t\t\t\t\t<\/div>\n\t\t\t\t<\/div>\n\t\t\t\t<div class=\"elementor-element elementor-element-e40806d elementor-widget elementor-widget-text-editor\" data-id=\"e40806d\" data-element_type=\"widget\" data-e-type=\"widget\" data-widget_type=\"text-editor.default\">\n\t\t\t\t<div class=\"elementor-widget-container\">\n\t\t\t\t\t\t\t\t\t<p>Fabricaci\u00f3n de Tarjetas Electr\u00f3nicas SMD \/ THT.<\/p>\t\t\t\t\t\t\t\t<\/div>\n\t\t\t\t<\/div>\n\t\t\t\t\t<\/div>\r\n\t\t\t\t<\/div>\r\n\t\t\t\t<div class=\"elementor-column elementor-col-33 elementor-top-column elementor-element elementor-element-a7447b8\" data-id=\"a7447b8\" data-element_type=\"column\" data-e-type=\"column\">\r\n\t\t\t\t\t<div class=\"elementor-widget-wrap elementor-element-populated\">\r\n\t\t\t\t\t\t\t\t<div class=\"elementor-element elementor-element-bb3444c elementor-widget elementor-widget-image\" data-id=\"bb3444c\" data-element_type=\"widget\" data-e-type=\"widget\" data-widget_type=\"image.default\">\n\t\t\t\t<div class=\"elementor-widget-container\">\n\t\t\t\t\t\t\t\t\t\t\t\t\t\t\t<img decoding=\"async\" width=\"640\" height=\"427\" src=\"https:\/\/www.rpplda.pt\/wp-content\/uploads\/2021\/05\/f_eletronica_inicio2.jpg\" class=\"attachment-large size-large wp-image-1231\" alt=\"\" srcset=\"https:\/\/www.rpplda.pt\/wp-content\/uploads\/2021\/05\/f_eletronica_inicio2.jpg 640w, https:\/\/www.rpplda.pt\/wp-content\/uploads\/2021\/05\/f_eletronica_inicio2-400x267.jpg 400w, https:\/\/www.rpplda.pt\/wp-content\/uploads\/2021\/05\/f_eletronica_inicio2-367x245.jpg 367w\" sizes=\"(max-width: 640px) 100vw, 640px\" \/>\t\t\t\t\t\t\t\t\t\t\t\t\t\t\t<\/div>\n\t\t\t\t<\/div>\n\t\t\t\t<div class=\"elementor-element elementor-element-66c5d5c elementor-widget elementor-widget-text-editor\" data-id=\"66c5d5c\" data-element_type=\"widget\" data-e-type=\"widget\" data-widget_type=\"text-editor.default\">\n\t\t\t\t<div class=\"elementor-widget-container\">\n\t\t\t\t\t\t\t\t\t<p>Fabricamos prototipos de cartas con entrega en 24 horas<\/p>\t\t\t\t\t\t\t\t<\/div>\n\t\t\t\t<\/div>\n\t\t\t\t\t<\/div>\r\n\t\t\t\t<\/div>\r\n\t\t\t\t<div class=\"elementor-column elementor-col-33 elementor-top-column elementor-element elementor-element-9f4a422\" data-id=\"9f4a422\" data-element_type=\"column\" data-e-type=\"column\">\r\n\t\t\t\t\t<div class=\"elementor-widget-wrap elementor-element-populated\">\r\n\t\t\t\t\t\t\t\t<div class=\"elementor-element elementor-element-2ad09de elementor-widget elementor-widget-image\" data-id=\"2ad09de\" data-element_type=\"widget\" data-e-type=\"widget\" data-widget_type=\"image.default\">\n\t\t\t\t<div class=\"elementor-widget-container\">\n\t\t\t\t\t\t\t\t\t\t\t\t\t\t\t<img decoding=\"async\" width=\"2560\" height=\"1707\" src=\"https:\/\/www.rpplda.pt\/wp-content\/uploads\/2021\/05\/f_eletronica_inicio3-scaled.jpg\" class=\"attachment-full size-full wp-image-1232\" alt=\"\" srcset=\"https:\/\/www.rpplda.pt\/wp-content\/uploads\/2021\/05\/f_eletronica_inicio3-scaled.jpg 2560w, https:\/\/www.rpplda.pt\/wp-content\/uploads\/2021\/05\/f_eletronica_inicio3-1024x683.jpg 1024w, https:\/\/www.rpplda.pt\/wp-content\/uploads\/2021\/05\/f_eletronica_inicio3-768x512.jpg 768w, https:\/\/www.rpplda.pt\/wp-content\/uploads\/2021\/05\/f_eletronica_inicio3-1536x1024.jpg 1536w, https:\/\/www.rpplda.pt\/wp-content\/uploads\/2021\/05\/f_eletronica_inicio3-2048x1365.jpg 2048w, https:\/\/www.rpplda.pt\/wp-content\/uploads\/2021\/05\/f_eletronica_inicio3-640x427.jpg 640w, https:\/\/www.rpplda.pt\/wp-content\/uploads\/2021\/05\/f_eletronica_inicio3-400x267.jpg 400w, https:\/\/www.rpplda.pt\/wp-content\/uploads\/2021\/05\/f_eletronica_inicio3-367x245.jpg 367w\" sizes=\"(max-width: 2560px) 100vw, 2560px\" \/>\t\t\t\t\t\t\t\t\t\t\t\t\t\t\t<\/div>\n\t\t\t\t<\/div>\n\t\t\t\t<div class=\"elementor-element elementor-element-468e81a elementor-widget elementor-widget-text-editor\" data-id=\"468e81a\" data-element_type=\"widget\" data-e-type=\"widget\" data-widget_type=\"text-editor.default\">\n\t\t\t\t<div class=\"elementor-widget-container\">\n\t\t\t\t\t\t\t\t\t<p>Desarrollo de la electr\u00f3nica.<br \/>Creamos soluciones integradas de software y hardware adaptadas a sus necesidades.<\/p>\t\t\t\t\t\t\t\t<\/div>\n\t\t\t\t<\/div>\n\t\t\t\t\t<\/div>\r\n\t\t\t\t<\/div>\r\n\t\t\t\t\t<\/div>\r\n\t\t\t\t<\/section>\r\n\t\t\t\t<section class=\"elementor-section elementor-top-section elementor-element elementor-element-f16ea5f elementor-section-content-middle elementor-section-full_width elementor-section-stretched elementor-section-height-default elementor-section-height-default\" data-id=\"f16ea5f\" data-element_type=\"section\" data-e-type=\"section\" data-settings=\"{&quot;background_background&quot;:&quot;classic&quot;,&quot;stretch_section&quot;:&quot;section-stretched&quot;}\">\r\n\t\t\t\t\t\t<div class=\"elementor-background-overlay\"><\/div>\r\n\t\t\t\r\n\t\t\t\t\t\t\t<div class=\"elementor-container elementor-column-gap-default\">\r\n\t\t\t\t\t\t\t\t\t\t\t<div class=\"elementor-column elementor-col-50 elementor-top-column elementor-element elementor-element-0be0567\" data-id=\"0be0567\" data-element_type=\"column\" data-e-type=\"column\">\r\n\t\t\t\t\t<div class=\"elementor-widget-wrap elementor-element-populated\">\r\n\t\t\t\t\t\t\t\t<div class=\"elementor-element elementor-element-77fbd31 elementor-widget elementor-widget-heading\" data-id=\"77fbd31\" data-element_type=\"widget\" data-e-type=\"widget\" data-widget_type=\"heading.default\">\n\t\t\t\t<div class=\"elementor-widget-container\">\n\t\t\t\t\t<h2 class=\"elementor-heading-title elementor-size-default\">DESARROLLO Y ENV\u00cdO DE PLACAS Y PRODUCTOS ELECTR\u00d3NICOS<\/h2>\t\t\t\t<\/div>\n\t\t\t\t<\/div>\n\t\t\t\t\t<\/div>\r\n\t\t\t\t<\/div>\r\n\t\t\t\t<div class=\"elementor-column elementor-col-50 elementor-top-column elementor-element elementor-element-4c3aba6\" data-id=\"4c3aba6\" data-element_type=\"column\" data-e-type=\"column\">\r\n\t\t\t\t\t<div class=\"elementor-widget-wrap elementor-element-populated\">\r\n\t\t\t\t\t\t\t\t<div class=\"elementor-element elementor-element-988fdd4 btn-triangle text-lg-right elementor-widget elementor-widget-porto_button\" data-id=\"988fdd4\" data-element_type=\"widget\" data-e-type=\"widget\" data-widget_type=\"porto_button.default\">\n\t\t\t\t<div class=\"elementor-widget-container\">\n\t\t\t\t\t<a class=\"btn btn-lg btn-light btn-modern\" href=\"https:\/\/www.rpplda.pt\/es\/contactos\/\"><span >SOLICITAR COTIZACI\u00d3N<\/span><\/a>\t\t\t\t<\/div>\n\t\t\t\t<\/div>\n\t\t\t\t\t<\/div>\r\n\t\t\t\t<\/div>\r\n\t\t\t\t\t<\/div>\r\n\t\t\t\t<\/section>\r\n\t\t\t\t<section class=\"elementor-section elementor-top-section elementor-element elementor-element-a61e323 elementor-section-full_width elementor-section-stretched elementor-section-height-default elementor-section-height-default\" data-id=\"a61e323\" data-element_type=\"section\" data-e-type=\"section\" data-settings=\"{&quot;stretch_section&quot;:&quot;section-stretched&quot;}\">\r\n\t\t\r\n\t\t\t\t\t\t\t<div class=\"elementor-container elementor-column-gap-default\">\r\n\t\t\t\t\t\t\t\t\t\t\t<div class=\"elementor-column elementor-col-100 elementor-top-column elementor-element elementor-element-953c62e\" data-id=\"953c62e\" data-element_type=\"column\" data-e-type=\"column\">\r\n\t\t\t\t\t<div class=\"elementor-widget-wrap elementor-element-populated\">\r\n\t\t\t\t\t\t\t\t<div class=\"elementor-element elementor-element-9f6b4cb elementor-arrows-position-inside elementor-pagination-position-outside elementor-widget elementor-widget-image-carousel\" data-id=\"9f6b4cb\" data-element_type=\"widget\" data-e-type=\"widget\" data-settings=\"{&quot;navigation&quot;:&quot;both&quot;,&quot;autoplay&quot;:&quot;yes&quot;,&quot;pause_on_hover&quot;:&quot;yes&quot;,&quot;pause_on_interaction&quot;:&quot;yes&quot;,&quot;autoplay_speed&quot;:5000,&quot;infinite&quot;:&quot;yes&quot;,&quot;speed&quot;:500}\" data-widget_type=\"image-carousel.default\">\n\t\t\t\t<div class=\"elementor-widget-container\">\n\t\t\t\t\t\t\t<div class=\"elementor-image-carousel-wrapper swiper\" role=\"region\" aria-roledescription=\"carousel\" aria-label=\"Carrusel de im\u00e1genes\" dir=\"ltr\">\n\t\t\t<div class=\"elementor-image-carousel swiper-wrapper\" aria-live=\"off\">\n\t\t\t\t\t\t\t\t<div class=\"swiper-slide\" role=\"group\" aria-roledescription=\"slide\" aria-label=\"1 de 8\"><figure class=\"swiper-slide-inner\"><img decoding=\"async\" class=\"swiper-slide-image\" src=\"https:\/\/www.rpplda.pt\/wp-content\/uploads\/2021\/05\/servicos_cartas_3.jpg\" alt=\"servi\u00e7os_cartas_3\" \/><\/figure><\/div><div class=\"swiper-slide\" role=\"group\" aria-roledescription=\"slide\" aria-label=\"2 de 8\"><figure class=\"swiper-slide-inner\"><img decoding=\"async\" class=\"swiper-slide-image\" src=\"https:\/\/www.rpplda.pt\/wp-content\/uploads\/2021\/05\/servicos_cartas_2.jpg\" alt=\"servi\u00e7os_cartas_2\" \/><\/figure><\/div><div class=\"swiper-slide\" role=\"group\" aria-roledescription=\"slide\" aria-label=\"3 de 8\"><figure class=\"swiper-slide-inner\"><img decoding=\"async\" class=\"swiper-slide-image\" src=\"https:\/\/www.rpplda.pt\/wp-content\/uploads\/2021\/05\/servicos_cartas_2.png\" alt=\"servi\u00e7os_cartas_2\" \/><\/figure><\/div><div class=\"swiper-slide\" role=\"group\" aria-roledescription=\"slide\" aria-label=\"4 de 8\"><figure class=\"swiper-slide-inner\"><img decoding=\"async\" class=\"swiper-slide-image\" src=\"https:\/\/www.rpplda.pt\/wp-content\/uploads\/2021\/05\/servicos_cartas_3.png\" alt=\"servi\u00e7os_cartas_3\" \/><\/figure><\/div><div class=\"swiper-slide\" role=\"group\" aria-roledescription=\"slide\" aria-label=\"5 de 8\"><figure class=\"swiper-slide-inner\"><img decoding=\"async\" class=\"swiper-slide-image\" src=\"https:\/\/www.rpplda.pt\/wp-content\/uploads\/2021\/05\/servicos_cartas_4.png\" alt=\"servi\u00e7os_cartas_4\" \/><\/figure><\/div><div class=\"swiper-slide\" role=\"group\" aria-roledescription=\"slide\" aria-label=\"6 de 8\"><figure class=\"swiper-slide-inner\"><img decoding=\"async\" class=\"swiper-slide-image\" src=\"https:\/\/www.rpplda.pt\/wp-content\/uploads\/2021\/05\/servicos_cartas_5.png\" alt=\"servi\u00e7os_cartas_5\" \/><\/figure><\/div><div class=\"swiper-slide\" role=\"group\" aria-roledescription=\"slide\" aria-label=\"7 de 8\"><figure class=\"swiper-slide-inner\"><img decoding=\"async\" class=\"swiper-slide-image\" src=\"https:\/\/www.rpplda.pt\/wp-content\/uploads\/2021\/05\/servicos_cartas_6.png\" alt=\"servi\u00e7os_cartas_6\" \/><\/figure><\/div><div class=\"swiper-slide\" role=\"group\" aria-roledescription=\"slide\" aria-label=\"8 de 8\"><figure class=\"swiper-slide-inner\"><img decoding=\"async\" class=\"swiper-slide-image\" src=\"https:\/\/www.rpplda.pt\/wp-content\/uploads\/2021\/05\/servicos_cartas_7.png\" alt=\"servi\u00e7os_cartas_7\" \/><\/figure><\/div>\t\t\t<\/div>\n\t\t\t\t\t\t\t\t\t\t\t\t<div class=\"elementor-swiper-button elementor-swiper-button-prev\" role=\"button\" tabindex=\"0\">\n\t\t\t\t\t\t<i aria-hidden=\"true\" class=\"eicon-chevron-left\"><\/i>\t\t\t\t\t<\/div>\n\t\t\t\t\t<div class=\"elementor-swiper-button elementor-swiper-button-next\" role=\"button\" tabindex=\"0\">\n\t\t\t\t\t\t<i aria-hidden=\"true\" class=\"eicon-chevron-right\"><\/i>\t\t\t\t\t<\/div>\n\t\t\t\t\n\t\t\t\t\t\t\t\t\t<div class=\"swiper-pagination\"><\/div>\n\t\t\t\t\t\t\t\t\t<\/div>\n\t\t\t\t\t\t<\/div>\n\t\t\t\t<\/div>\n\t\t\t\t\t<\/div>\r\n\t\t\t\t<\/div>\r\n\t\t\t\t\t<\/div>\r\n\t\t\t\t<\/section>\r\n\t\t\t\t<\/div>\n\t\t","protected":false},"excerpt":{"rendered":"<p>Profesionales de la fabricaci\u00f3n de productos electr\u00f3nicos De la idea a la producci\u00f3n SERVICIOS RPP LDA tiene sus propios equipos, l\u00edneas de producci\u00f3n y recursos para satisfacer las necesidades del cliente. Fabricamos tableros electr\u00f3nicos y ensamblajes para innumerables sectores, desde salud, ocio, telecomunicaciones, dise\u00f1o industrial, entre otros. En colaboraci\u00f3n con el cliente desde el dise\u00f1o [&hellip;]<\/p>\n","protected":false},"author":1,"featured_media":0,"parent":0,"menu_order":0,"comment_status":"closed","ping_status":"closed","template":"","meta":{"footnotes":""},"class_list":["post-1228","page","type-page","status-publish","hentry"],"yoast_head":"<!-- This site is optimized with the Yoast SEO plugin v27.4 - https:\/\/yoast.com\/product\/yoast-seo-wordpress\/ -->\n<title>Servicios - RPP Lda - Fabrica\u00e7\u00e3o de placas de circuitos eletr\u00f3nicos<\/title>\n<meta name=\"robots\" content=\"index, follow, max-snippet:-1, max-image-preview:large, max-video-preview:-1\" \/>\n<link rel=\"canonical\" href=\"https:\/\/www.rpplda.pt\/es\/servicios\/\" \/>\n<meta property=\"og:locale\" content=\"es_ES\" \/>\n<meta property=\"og:type\" content=\"article\" \/>\n<meta property=\"og:title\" content=\"Servicios - RPP Lda - Fabrica\u00e7\u00e3o de placas de circuitos eletr\u00f3nicos\" \/>\n<meta property=\"og:description\" content=\"Profesionales de la fabricaci\u00f3n de productos electr\u00f3nicos De la idea a la producci\u00f3n SERVICIOS RPP LDA tiene sus propios equipos, l\u00edneas de producci\u00f3n y recursos para satisfacer las necesidades del cliente. Fabricamos tableros electr\u00f3nicos y ensamblajes para innumerables sectores, desde salud, ocio, telecomunicaciones, dise\u00f1o industrial, entre otros. En colaboraci\u00f3n con el cliente desde el dise\u00f1o [&hellip;]\" \/>\n<meta property=\"og:url\" content=\"https:\/\/www.rpplda.pt\/es\/servicios\/\" \/>\n<meta property=\"og:site_name\" content=\"RPP Lda - Fabrica\u00e7\u00e3o de placas de circuitos eletr\u00f3nicos\" \/>\n<meta property=\"article:modified_time\" content=\"2021-05-13T11:05:50+00:00\" \/>\n<meta property=\"og:image\" content=\"https:\/\/www.rpplda.pt\/wp-content\/uploads\/2021\/05\/servicos_cartas.jpg\" \/>\n<meta name=\"twitter:card\" content=\"summary_large_image\" \/>\n<meta name=\"twitter:label1\" content=\"Tiempo de lectura\" \/>\n\t<meta name=\"twitter:data1\" content=\"4 minutos\" \/>\n<script type=\"application\/ld+json\" class=\"yoast-schema-graph\">{\"@context\":\"https:\\\/\\\/schema.org\",\"@graph\":[{\"@type\":\"WebPage\",\"@id\":\"https:\\\/\\\/www.rpplda.pt\\\/es\\\/servicios\\\/\",\"url\":\"https:\\\/\\\/www.rpplda.pt\\\/es\\\/servicios\\\/\",\"name\":\"Servicios - RPP Lda - Fabrica\u00e7\u00e3o de placas de circuitos eletr\u00f3nicos\",\"isPartOf\":{\"@id\":\"https:\\\/\\\/www.rpplda.pt\\\/#website\"},\"primaryImageOfPage\":{\"@id\":\"https:\\\/\\\/www.rpplda.pt\\\/es\\\/servicios\\\/#primaryimage\"},\"image\":{\"@id\":\"https:\\\/\\\/www.rpplda.pt\\\/es\\\/servicios\\\/#primaryimage\"},\"thumbnailUrl\":\"https:\\\/\\\/www.rpplda.pt\\\/wp-content\\\/uploads\\\/2021\\\/05\\\/servicos_cartas.jpg\",\"datePublished\":\"2021-05-12T10:27:36+00:00\",\"dateModified\":\"2021-05-13T11:05:50+00:00\",\"breadcrumb\":{\"@id\":\"https:\\\/\\\/www.rpplda.pt\\\/es\\\/servicios\\\/#breadcrumb\"},\"inLanguage\":\"es\",\"potentialAction\":[{\"@type\":\"ReadAction\",\"target\":[\"https:\\\/\\\/www.rpplda.pt\\\/es\\\/servicios\\\/\"]}]},{\"@type\":\"ImageObject\",\"inLanguage\":\"es\",\"@id\":\"https:\\\/\\\/www.rpplda.pt\\\/es\\\/servicios\\\/#primaryimage\",\"url\":\"https:\\\/\\\/www.rpplda.pt\\\/wp-content\\\/uploads\\\/2021\\\/05\\\/servicos_cartas.jpg\",\"contentUrl\":\"https:\\\/\\\/www.rpplda.pt\\\/wp-content\\\/uploads\\\/2021\\\/05\\\/servicos_cartas.jpg\"},{\"@type\":\"BreadcrumbList\",\"@id\":\"https:\\\/\\\/www.rpplda.pt\\\/es\\\/servicios\\\/#breadcrumb\",\"itemListElement\":[{\"@type\":\"ListItem\",\"position\":1,\"name\":\"In\u00edcio\",\"item\":\"https:\\\/\\\/www.rpplda.pt\\\/en\\\/\"},{\"@type\":\"ListItem\",\"position\":2,\"name\":\"Servicios\"}]},{\"@type\":\"WebSite\",\"@id\":\"https:\\\/\\\/www.rpplda.pt\\\/#website\",\"url\":\"https:\\\/\\\/www.rpplda.pt\\\/\",\"name\":\"RPP Lda - Fabrica\u00e7\u00e3o de placas de circuitos eletr\u00f3nicos\",\"description\":\"Produ\u00e7\u00e3o de placas eletr\u00f3nicas\",\"potentialAction\":[{\"@type\":\"SearchAction\",\"target\":{\"@type\":\"EntryPoint\",\"urlTemplate\":\"https:\\\/\\\/www.rpplda.pt\\\/?s={search_term_string}\"},\"query-input\":{\"@type\":\"PropertyValueSpecification\",\"valueRequired\":true,\"valueName\":\"search_term_string\"}}],\"inLanguage\":\"es\"}]}<\/script>\n<!-- \/ Yoast SEO plugin. -->","yoast_head_json":{"title":"Servicios - RPP Lda - Fabrica\u00e7\u00e3o de placas de circuitos eletr\u00f3nicos","robots":{"index":"index","follow":"follow","max-snippet":"max-snippet:-1","max-image-preview":"max-image-preview:large","max-video-preview":"max-video-preview:-1"},"canonical":"https:\/\/www.rpplda.pt\/es\/servicios\/","og_locale":"es_ES","og_type":"article","og_title":"Servicios - RPP Lda - Fabrica\u00e7\u00e3o de placas de circuitos eletr\u00f3nicos","og_description":"Profesionales de la fabricaci\u00f3n de productos electr\u00f3nicos De la idea a la producci\u00f3n SERVICIOS RPP LDA tiene sus propios equipos, l\u00edneas de producci\u00f3n y recursos para satisfacer las necesidades del cliente. Fabricamos tableros electr\u00f3nicos y ensamblajes para innumerables sectores, desde salud, ocio, telecomunicaciones, dise\u00f1o industrial, entre otros. En colaboraci\u00f3n con el cliente desde el dise\u00f1o [&hellip;]","og_url":"https:\/\/www.rpplda.pt\/es\/servicios\/","og_site_name":"RPP Lda - Fabrica\u00e7\u00e3o de placas de circuitos eletr\u00f3nicos","article_modified_time":"2021-05-13T11:05:50+00:00","og_image":[{"url":"https:\/\/www.rpplda.pt\/wp-content\/uploads\/2021\/05\/servicos_cartas.jpg","type":"","width":"","height":""}],"twitter_card":"summary_large_image","twitter_misc":{"Tiempo de lectura":"4 minutos"},"schema":{"@context":"https:\/\/schema.org","@graph":[{"@type":"WebPage","@id":"https:\/\/www.rpplda.pt\/es\/servicios\/","url":"https:\/\/www.rpplda.pt\/es\/servicios\/","name":"Servicios - RPP Lda - Fabrica\u00e7\u00e3o de placas de circuitos eletr\u00f3nicos","isPartOf":{"@id":"https:\/\/www.rpplda.pt\/#website"},"primaryImageOfPage":{"@id":"https:\/\/www.rpplda.pt\/es\/servicios\/#primaryimage"},"image":{"@id":"https:\/\/www.rpplda.pt\/es\/servicios\/#primaryimage"},"thumbnailUrl":"https:\/\/www.rpplda.pt\/wp-content\/uploads\/2021\/05\/servicos_cartas.jpg","datePublished":"2021-05-12T10:27:36+00:00","dateModified":"2021-05-13T11:05:50+00:00","breadcrumb":{"@id":"https:\/\/www.rpplda.pt\/es\/servicios\/#breadcrumb"},"inLanguage":"es","potentialAction":[{"@type":"ReadAction","target":["https:\/\/www.rpplda.pt\/es\/servicios\/"]}]},{"@type":"ImageObject","inLanguage":"es","@id":"https:\/\/www.rpplda.pt\/es\/servicios\/#primaryimage","url":"https:\/\/www.rpplda.pt\/wp-content\/uploads\/2021\/05\/servicos_cartas.jpg","contentUrl":"https:\/\/www.rpplda.pt\/wp-content\/uploads\/2021\/05\/servicos_cartas.jpg"},{"@type":"BreadcrumbList","@id":"https:\/\/www.rpplda.pt\/es\/servicios\/#breadcrumb","itemListElement":[{"@type":"ListItem","position":1,"name":"In\u00edcio","item":"https:\/\/www.rpplda.pt\/en\/"},{"@type":"ListItem","position":2,"name":"Servicios"}]},{"@type":"WebSite","@id":"https:\/\/www.rpplda.pt\/#website","url":"https:\/\/www.rpplda.pt\/","name":"RPP Lda - Fabrica\u00e7\u00e3o de placas de circuitos eletr\u00f3nicos","description":"Produ\u00e7\u00e3o de placas eletr\u00f3nicas","potentialAction":[{"@type":"SearchAction","target":{"@type":"EntryPoint","urlTemplate":"https:\/\/www.rpplda.pt\/?s={search_term_string}"},"query-input":{"@type":"PropertyValueSpecification","valueRequired":true,"valueName":"search_term_string"}}],"inLanguage":"es"}]}},"_links":{"self":[{"href":"https:\/\/www.rpplda.pt\/es\/wp-json\/wp\/v2\/pages\/1228","targetHints":{"allow":["GET"]}}],"collection":[{"href":"https:\/\/www.rpplda.pt\/es\/wp-json\/wp\/v2\/pages"}],"about":[{"href":"https:\/\/www.rpplda.pt\/es\/wp-json\/wp\/v2\/types\/page"}],"author":[{"embeddable":true,"href":"https:\/\/www.rpplda.pt\/es\/wp-json\/wp\/v2\/users\/1"}],"replies":[{"embeddable":true,"href":"https:\/\/www.rpplda.pt\/es\/wp-json\/wp\/v2\/comments?post=1228"}],"version-history":[{"count":5,"href":"https:\/\/www.rpplda.pt\/es\/wp-json\/wp\/v2\/pages\/1228\/revisions"}],"predecessor-version":[{"id":1688,"href":"https:\/\/www.rpplda.pt\/es\/wp-json\/wp\/v2\/pages\/1228\/revisions\/1688"}],"wp:attachment":[{"href":"https:\/\/www.rpplda.pt\/es\/wp-json\/wp\/v2\/media?parent=1228"}],"curies":[{"name":"wp","href":"https:\/\/api.w.org\/{rel}","templated":true}]}}